{"id":248,"date":"2015-06-05T09:25:54","date_gmt":"2015-06-05T08:25:54","guid":{"rendered":"http:\/\/laysfarra.com\/eclaireuse\/?page_id=248"},"modified":"2022-05-26T12:25:38","modified_gmt":"2022-05-26T11:25:38","slug":"chapitres","status":"publish","type":"page","link":"https:\/\/laysfarra.com\/eclaireuse\/?page_id=248","title":{"rendered":"Chapitres"},"content":{"rendered":"<div id='gallery-2' class='gallery galleryid-248 gallery-columns-3 gallery-size-thumbnail'><figure class='gallery-item'>\n\t\t\t<div class='gallery-icon portrait'>\n\t\t\t\t<a href=\"http:\/\/laysfarra.com\/eclaireuse\/?webcomic1=leclaireuse-na-quune-parole\" class=\"no-lightbox\"><img width=\"150\" height=\"150\" src=\"https:\/\/laysfarra.com\/eclaireuse\/wp-content\/uploads\/2014\/11\/cover1-150x150.jpg\" class=\"attachment-thumbnail size-thumbnail\" alt=\"\" decoding=\"async\" loading=\"lazy\" aria-describedby=\"gallery-2-6\" title=\"L&#039;Eclaireuse n&#039;a qu&#039;une parole\" \/><\/a>\n\t\t\t<\/div>\n\t\t\t\t<figcaption class='wp-caption-text gallery-caption' id='gallery-2-6'>\n\t\t\t\tL&rsquo;Eclaireuse n&rsquo;a qu&rsquo;une parole\n\t\t\t\t<\/figcaption><\/figure><figure class='gallery-item'>\n\t\t\t<div class='gallery-icon portrait'>\n\t\t\t\t<a href=\"http:\/\/laysfarra.com\/eclaireuse\/?webcomic1=2-comme-de-sa-premiere-chemise\" class=\"no-lightbox\"><img width=\"150\" height=\"150\" src=\"https:\/\/laysfarra.com\/eclaireuse\/wp-content\/uploads\/2015\/05\/0-150x150.png\" class=\"attachment-thumbnail size-thumbnail\" alt=\"\" decoding=\"async\" loading=\"lazy\" aria-describedby=\"gallery-2-189\" title=\"Comme de sa Premi\u00e8re Chemise\" \/><\/a>\n\t\t\t<\/div>\n\t\t\t\t<figcaption class='wp-caption-text gallery-caption' id='gallery-2-189'>\n\t\t\t\tComme de sa Premi\u00e8re Chemise\n\t\t\t\t<\/figcaption><\/figure><figure class='gallery-item'>\n\t\t\t<div class='gallery-icon portrait'>\n\t\t\t\t<a href=\"http:\/\/laysfarra.com\/eclaireuse\/?webcomic1=3-sang-sucre-sexe-sorcellerie\" class=\"no-lightbox\"><img width=\"150\" height=\"150\" src=\"https:\/\/laysfarra.com\/eclaireuse\/wp-content\/uploads\/2015\/09\/couverture-SSSS1-150x150.jpeg\" class=\"attachment-thumbnail size-thumbnail\" alt=\"\" decoding=\"async\" loading=\"lazy\" aria-describedby=\"gallery-2-309\" title=\"Sang Sucre Sexe Sorcellerie\" \/><\/a>\n\t\t\t<\/div>\n\t\t\t\t<figcaption class='wp-caption-text gallery-caption' id='gallery-2-309'>\n\t\t\t\tSang Sucre Sexe Sorcellerie \n\t\t\t\t<\/figcaption><\/figure><figure class='gallery-item'>\n\t\t\t<div class='gallery-icon portrait'>\n\t\t\t\t<a href=\"http:\/\/laysfarra.com\/eclaireuse\/?webcomic1=chapitre-4-la-folnuit\" class=\"no-lightbox\"><img width=\"150\" height=\"150\" src=\"https:\/\/laysfarra.com\/eclaireuse\/wp-content\/uploads\/2016\/03\/la-folnuit-150x150.jpeg\" class=\"attachment-thumbnail size-thumbnail\" alt=\"\" decoding=\"async\" loading=\"lazy\" aria-describedby=\"gallery-2-388\" title=\"La Folnuit\" \/><\/a>\n\t\t\t<\/div>\n\t\t\t\t<figcaption class='wp-caption-text gallery-caption' id='gallery-2-388'>\n\t\t\t\tLa Folnuit\n\t\t\t\t<\/figcaption><\/figure><figure class='gallery-item'>\n\t\t\t<div class='gallery-icon portrait'>\n\t\t\t\t<a href=\"http:\/\/laysfarra.com\/eclaireuse\/?webcomic1=chapitre-5-leclaireuse-est-loyale-et-fidele\" target=\"_blank\" class=\"set-target no-lightbox\"><img width=\"150\" height=\"150\" src=\"https:\/\/laysfarra.com\/eclaireuse\/wp-content\/uploads\/2016\/06\/loyale-et-fid\u00e8le-150x150.jpg\" class=\"attachment-thumbnail size-thumbnail\" alt=\"\" decoding=\"async\" loading=\"lazy\" aria-describedby=\"gallery-2-433\" title=\"L&#039;Eclaireuse est Loyale et Fid\u00e8le\" \/><\/a>\n\t\t\t<\/div>\n\t\t\t\t<figcaption class='wp-caption-text gallery-caption' id='gallery-2-433'>\n\t\t\t\tL&rsquo;Eclaireuse est Loyale et Fid\u00e8le\n\t\t\t\t<\/figcaption><\/figure><figure class='gallery-item'>\n\t\t\t<div class='gallery-icon portrait'>\n\t\t\t\t<a href=\"http:\/\/laysfarra.com\/eclaireuse\/?webcomic1=interlude-0\" class=\"no-lightbox\"><img width=\"150\" height=\"150\" src=\"https:\/\/laysfarra.com\/eclaireuse\/wp-content\/uploads\/2019\/09\/0-couverture-150x150.jpeg\" class=\"attachment-thumbnail size-thumbnail\" alt=\"\" decoding=\"async\" loading=\"lazy\" aria-describedby=\"gallery-2-560\" title=\"Interlude 1\" \/><\/a>\n\t\t\t<\/div>\n\t\t\t\t<figcaption class='wp-caption-text gallery-caption' id='gallery-2-560'>\n\t\t\t\tInterlude 1\n\t\t\t\t<\/figcaption><\/figure><figure class='gallery-item'>\n\t\t\t<div class='gallery-icon portrait'>\n\t\t\t\t<a href=\"http:\/\/laysfarra.com\/eclaireuse\/?webcomic1=chapitre-6-jeu-de-mains\" target=\"_blank\" class=\"set-target no-lightbox\"><img width=\"150\" height=\"150\" src=\"https:\/\/laysfarra.com\/eclaireuse\/wp-content\/uploads\/2020\/04\/00-150x150.jpg\" class=\"attachment-thumbnail size-thumbnail\" alt=\"\" decoding=\"async\" loading=\"lazy\" aria-describedby=\"gallery-2-577\" title=\"Jeu de Mains\" \/><\/a>\n\t\t\t<\/div>\n\t\t\t\t<figcaption class='wp-caption-text gallery-caption' id='gallery-2-577'>\n\t\t\t\tJeu de Mains\n\t\t\t\t<\/figcaption><\/figure><figure class='gallery-item'>\n\t\t\t<div class='gallery-icon portrait'>\n\t\t\t\t<a href=\"https:\/\/laysfarra.com\/eclaireuse\/?webcomic1=intrigues\" target=\"_blank\" class=\"set-target no-lightbox\"><img width=\"150\" height=\"150\" src=\"https:\/\/laysfarra.com\/eclaireuse\/wp-content\/uploads\/2021\/07\/02-intrigues-fin-150x150.jpg\" class=\"attachment-thumbnail size-thumbnail\" alt=\"\" decoding=\"async\" loading=\"lazy\" aria-describedby=\"gallery-2-692\" title=\"Interlude 2 : Intrigues\" \/><\/a>\n\t\t\t<\/div>\n\t\t\t\t<figcaption class='wp-caption-text gallery-caption' id='gallery-2-692'>\n\t\t\t\tInterlude 2 : Intrigues\n\t\t\t\t<\/figcaption><\/figure>\n\t\t<\/div>\n\n<p>&nbsp;<\/p>\n<ol>\n<li><a href=\"http:\/\/laysfarra.com\/eclaireuse\/?webcomic1=leclaireuse-na-quune-parole\">L&rsquo;Eclaireuse n&rsquo;a qu&rsquo;une parole<\/a><\/li>\n<li><a href=\"http:\/\/laysfarra.com\/eclaireuse\/?webcomic1=2-comme-de-sa-premiere-chemise\">Comme de sa premi\u00e8re chemise<\/a><\/li>\n<li><a href=\"http:\/\/laysfarra.com\/eclaireuse\/?webcomic1=3-sang-sucre-sexe-sorcellerie\">Sang Sucre Sexe Sorcellerie<\/a><\/li>\n<li><a href=\"http:\/\/laysfarra.com\/eclaireuse\/?webcomic1=chapitre-4-la-folnuit\">La Folnuit<\/a><\/li>\n<li><a href=\"http:\/\/laysfarra.com\/eclaireuse\/?webcomic1=chapitre-5-leclaireuse-est-loyale-et-fidele\">L&rsquo;Eclaireuse est Loyale et Fid\u00e8le<\/a>\n<ol>\n<li><a href=\"http:\/\/laysfarra.com\/eclaireuse\/?webcomic1=interlude-0\">Interlude 1<\/a><\/li>\n<\/ol>\n<\/li>\n<li><a href=\"http:\/\/Jeu de Mains\">Jeu de Mains<\/a>\n<ol>\n<li><a href=\"https:\/\/laysfarra.com\/eclaireuse\/?webcomic1=intrigues\">Interlude 2 : Intrigues<\/a><\/li>\n<\/ol>\n<\/li>\n<li>(\u00e0 venir) L&rsquo;Eclaireuse se rend utile, elle aide son prochain<\/li>\n<li>(\u00e0 venir) Fugue \u00e0 deux dos<\/li>\n<li>(\u00e0 venir) L&rsquo;Eclaireuse est l&rsquo;amie de tous et la s\u0153ur de toutes les \u00e9claireuses<\/li>\n<li>\u2026<\/li>\n<li>(\u00e0 venir) Retour au Pays Perdu<\/li>\n<li>&#8230;<\/li>\n<\/ol>\n<p>&nbsp;<\/p>\n","protected":false},"excerpt":{"rendered":"<p>&nbsp; L&rsquo;Eclaireuse n&rsquo;a qu&rsquo;une parole Comme de sa premi\u00e8re chemise Sang Sucre Sexe Sorcellerie La Folnuit L&rsquo;Eclaireuse est Loyale et Fid\u00e8le Interlude 1 Jeu de Mains Interlude 2 : Intrigues (\u00e0 venir) L&rsquo;Eclaireuse se rend utile, elle aide son prochain (\u00e0 venir) Fugue \u00e0 deux dos (\u00e0 venir) L&rsquo;Eclaireuse est l&rsquo;amie de tous et la&#8230; <a href=\"https:\/\/laysfarra.com\/eclaireuse\/?page_id=248\" class=\"more-link\">Continue reading <span class=\"screen-reader-text\">Chapitres<\/span><\/a><\/p>\n","protected":false},"author":1,"featured_media":0,"parent":0,"menu_order":0,"comment_status":"open","ping_status":"open","template":"","meta":[],"_links":{"self":[{"href":"https:\/\/laysfarra.com\/eclaireuse\/index.php?rest_route=\/wp\/v2\/pages\/248"}],"collection":[{"href":"https:\/\/laysfarra.com\/eclaireuse\/index.php?rest_route=\/wp\/v2\/pages"}],"about":[{"href":"https:\/\/laysfarra.com\/eclaireuse\/index.php?rest_route=\/wp\/v2\/types\/page"}],"author":[{"embeddable":true,"href":"https:\/\/laysfarra.com\/eclaireuse\/index.php?rest_route=\/wp\/v2\/users\/1"}],"replies":[{"embeddable":true,"href":"https:\/\/laysfarra.com\/eclaireuse\/index.php?rest_route=%2Fwp%2Fv2%2Fcomments&post=248"}],"version-history":[{"count":16,"href":"https:\/\/laysfarra.com\/eclaireuse\/index.php?rest_route=\/wp\/v2\/pages\/248\/revisions"}],"predecessor-version":[{"id":700,"href":"https:\/\/laysfarra.com\/eclaireuse\/index.php?rest_route=\/wp\/v2\/pages\/248\/revisions\/700"}],"wp:attachment":[{"href":"https:\/\/laysfarra.com\/eclaireuse\/index.php?rest_route=%2Fwp%2Fv2%2Fmedia&parent=248"}],"curies":[{"name":"wp","href":"https:\/\/api.w.org\/{rel}","templated":true}]}}